{"id":5437,"date":"2019-02-02T08:16:39","date_gmt":"2019-02-02T08:16:39","guid":{"rendered":"https:\/\/new2.iknosdiving.com\/?page_id=5437"},"modified":"2023-06-26T12:42:13","modified_gmt":"2023-06-26T12:42:13","slug":"gruppisub","status":"publish","type":"page","link":"https:\/\/new2.iknosdiving.com\/de\/gruppisub\/","title":{"rendered":"GRUPPI SUB"},"content":{"rendered":"<div id=\"pl-5437\"  class=\"panel-layout\" >\n<div id=\"pg-5437-0\"  class=\"panel-grid panel-has-style\"  data-style=\"{&quot;background_image_attachment&quot;:false,&quot;background_display&quot;:&quot;tile&quot;,&quot;full_height&quot;:&quot;&quot;,&quot;bottom_margin&quot;:&quot;70px&quot;,&quot;row_stretch&quot;:&quot;full-stretched&quot;,&quot;cell_alignment&quot;:&quot;flex-start&quot;}\" >\n<div class=\"siteorigin-panels-stretch panel-row-style panel-row-style-for-5437-0\" data-stretch-type=\"full-stretched\" >\n<div id=\"pgc-5437-0-0\"  class=\"panel-grid-cell\"  data-weight=\"1\" >\n<div id=\"panel-5437-0-0-0\" class=\"so-panel widget widget_sow-hero panel-first-child panel-last-child\" data-index=\"0\" data-style=\"{&quot;background_image_attachment&quot;:false,&quot;background_display&quot;:&quot;tile&quot;,&quot;background_image_size&quot;:&quot;full&quot;,&quot;border_thickness&quot;:&quot;1px&quot;}\" ><div\n\t\t\t\n\t\t\tclass=\"so-widget-sow-hero so-widget-sow-hero-default-f962d64ea648 so-widget-fittext-wrapper\"\n\t\t\t data-fit-text-compressor=\"0.85\"\n\t\t>\t\t\t\t<div class=\"sow-slider-base\" style=\"display: none\" tabindex=\"0\">\n\t\t\t\t\t<ul\n\t\t\t\t\tclass=\"sow-slider-images\"\n\t\t\t\t\tdata-settings=\"{&quot;pagination&quot;:true,&quot;speed&quot;:&quot;800&quot;,&quot;timeout&quot;:&quot;8000&quot;,&quot;paused&quot;:false,&quot;pause_on_hover&quot;:false,&quot;swipe&quot;:&quot;1&quot;,&quot;nav_always_show_desktop&quot;:&quot;&quot;,&quot;nav_always_show_mobile&quot;:&quot;&quot;,&quot;breakpoint&quot;:&quot;780px&quot;,&quot;unmute&quot;:false,&quot;anchor&quot;:null}\"\n\t\t\t\t\tstyle=\"min-height: 700px\"\t\t\t\t\tdata-anchor-id=\"\"\n\t\t\t\t>\t\t<li class=\"sow-slider-image  sow-slider-image-cover\" style=\"visibility: visible;;background-color: #333333;background-image: url(https:\/\/new2.iknosdiving.com\/wp-content\/uploads\/2016\/02\/SubeCernia.jpg)\" >\n\t\t\t\t\t<div class=\"sow-slider-image-container\">\n\t\t\t<div class=\"sow-slider-image-wrapper\">\n\t\t\t\t&lt;h1 style=&quot;text-align: center;&quot;&gt;TAUCHGRUPPEN URLAUB&lt;\/h1&gt;\t\t\t<\/div>\n\t\t<\/div>\n\t\t\t\t<\/li>\n\t\t<\/ul>\t\t\t\t<ol class=\"sow-slider-pagination\">\n\t\t\t\t\t\t\t\t\t\t\t<li><a href=\"#\" data-goto=\"0\" aria-label=\"display slide 1\"><\/a><\/li>\n\t\t\t\t\t\t\t\t\t<\/ol>\n\n\t\t\t\t<div class=\"sow-slide-nav sow-slide-nav-next\">\n\t\t\t\t\t<a href=\"#\" data-goto=\"next\" aria-label=\"next slide\" data-action=\"next\">\n\t\t\t\t\t\t<em class=\"sow-sld-icon-thin-right\"><\/em>\n\t\t\t\t\t<\/a>\n\t\t\t\t<\/div>\n\n\t\t\t\t<div class=\"sow-slide-nav sow-slide-nav-prev\">\n\t\t\t\t\t<a href=\"#\" data-goto=\"previous\" aria-label=\"previous slide\" data-action=\"prev\">\n\t\t\t\t\t\t<em class=\"sow-sld-icon-thin-left\"><\/em>\n\t\t\t\t\t<\/a>\n\t\t\t\t<\/div>\n\t\t\t\t<\/div><\/div><\/div>\n<\/div>\n<\/div>\n<\/div>\n<div id=\"pg-5437-1\"  class=\"panel-grid panel-no-style\"  data-style=\"{&quot;background_image_attachment&quot;:false,&quot;background_display&quot;:&quot;tile&quot;,&quot;full_height&quot;:&quot;&quot;,&quot;bottom_margin&quot;:&quot;70px&quot;,&quot;cell_alignment&quot;:&quot;flex-start&quot;}\"  data-ratio=\"1\"  data-ratio-direction=\"right\" >\n<div id=\"pgc-5437-1-0\"  class=\"panel-grid-cell\"  data-weight=\"1\" >\n<div id=\"panel-5437-1-0-0\" class=\"so-panel widget widget_sow-headline panel-first-child\" data-index=\"1\" data-style=\"{&quot;padding&quot;:&quot;30px 30px 30px 30px&quot;,&quot;background_image_attachment&quot;:false,&quot;background_display&quot;:&quot;tile&quot;}\" >\n<div class=\"panel-widget-style panel-widget-style-for-5437-1-0-0\" ><div\n\t\t\t\n\t\t\tclass=\"so-widget-sow-headline so-widget-sow-headline-default-913f6c9a92df\"\n\t\t\t\n\t\t><div class=\"sow-headline-container \">\n\t\t\t\t\t\t\t<h2 class=\"sow-headline\">\n\t\t\t\t\t\tBlaue Wochen\t\t\t\t\t\t<\/h2>\n\t\t\t\t\t\t\t\t\t\t\t<div class=\"decoration\">\n\t\t\t\t\t\t<div class=\"decoration-inside\"><\/div>\n\t\t\t\t\t<\/div>\n\t\t\t\t\t<\/div>\n<\/div><\/div>\n<\/div>\n<div id=\"panel-5437-1-0-1\" class=\"so-panel widget widget_sow-editor panel-last-child\" data-index=\"2\" data-style=\"{&quot;background_image_attachment&quot;:false,&quot;background_display&quot;:&quot;tile&quot;}\" >\n<div\n\t\t\t\n\t\t\tclass=\"so-widget-sow-editor so-widget-sow-editor-base\"\n\t\t\t\n\t\t><\/p>\n<div class=\"siteorigin-widget-tinymce textwidget\">\n<p class=\"p1\"><span class=\"s1\"><\/span><\/p>\n<p>Wir bieten personalisierte Wochen und Ferien mit Tauchkursen und vielen anderen Aktivit\u00e4ten, mit Unterkunft im wundersch\u00f6nen Isuledda Village.<\/p>\n<p>\u00dcber 60 Tauchpl\u00e4tze im La-Maddalena-Archipelago-Nationalpark, die mit Maxi-Rafts erreicht werden k\u00f6nnen. M\u00f6glichkeit, komplette Ausr\u00fcstung zu mieten.<\/p>\n<h4><a href=\"https:\/\/new2.iknosdiving.com\/wp-content\/uploads\/2022\/06\/PROGETTO-DIVING-GRUPPI-1.pdf\"><em>Finde mehr heraus<\/em><\/a><\/h4>\n<\/div>\n<\/div>\n<\/div>\n<\/div>\n<\/div>\n<div id=\"pg-5437-2\"  class=\"panel-grid panel-no-style\"  data-style=\"{&quot;background_image_attachment&quot;:false,&quot;background_display&quot;:&quot;tile&quot;,&quot;full_height&quot;:&quot;&quot;,&quot;bottom_margin&quot;:&quot;50px&quot;,&quot;cell_alignment&quot;:&quot;flex-start&quot;}\"  data-ratio=\"1\"  data-ratio-direction=\"right\" >\n<div id=\"pgc-5437-2-0\"  class=\"panel-grid-cell\"  data-weight=\"0.33333333333333\" >\n<div id=\"panel-5437-2-0-0\" class=\"so-panel widget widget_sow-image panel-first-child panel-last-child\" data-index=\"3\" data-style=\"{&quot;background_image_attachment&quot;:false,&quot;background_display&quot;:&quot;tile&quot;}\" ><div\n\t\t\t\n\t\t\tclass=\"so-widget-sow-image so-widget-sow-image-default-8b5b6f678277\"\n\t\t\t\n\t\t>\n\n<div class=\"sow-image-container\">\n\t\t\t<a href=\"https:\/\/new2.iknosdiving.com\/wp-content\/uploads\/2022\/06\/PROGETTO-DIVING-GRUPPI-1.pdf\"\n\t\t\t\t\t>\n\t\t\t<img loading=\"lazy\" decoding=\"async\" src=\"https:\/\/new2.iknosdiving.com\/wp-content\/uploads\/2022\/06\/PROGETTO-DIVING-GRUPPI.jpg\" width=\"595\" height=\"842\" srcset=\"https:\/\/new2.iknosdiving.com\/wp-content\/uploads\/2022\/06\/PROGETTO-DIVING-GRUPPI.jpg 595w, https:\/\/new2.iknosdiving.com\/wp-content\/uploads\/2022\/06\/PROGETTO-DIVING-GRUPPI-353x500.jpg 353w\" sizes=\"(max-width: 595px) 100vw, 595px\" title=\"PROGETTO DIVING GRUPPI\" alt=\"\" \t\tclass=\"so-widget-image\"\/>\n\t<\/a><\/div>\n\n<\/div><\/div>\n<\/div>\n<div id=\"pgc-5437-2-1\"  class=\"panel-grid-cell\"  data-weight=\"0.33333333333333\" >\n<div id=\"panel-5437-2-1-0\" class=\"so-panel widget widget_sow-image panel-first-child panel-last-child\" data-index=\"4\" data-style=\"{&quot;background_image_attachment&quot;:false,&quot;background_display&quot;:&quot;tile&quot;}\" ><div\n\t\t\t\n\t\t\tclass=\"so-widget-sow-image so-widget-sow-image-default-8b5b6f678277\"\n\t\t\t\n\t\t>\n\n<div class=\"sow-image-container\">\n\t\t\t<a href=\"https:\/\/new2.iknosdiving.com\/wp-content\/uploads\/2022\/06\/PROGETTO-DIVING-GRUPPI-1.pdf\"\n\t\t\t\t\t>\n\t\t\t<img loading=\"lazy\" decoding=\"async\" src=\"https:\/\/new2.iknosdiving.com\/wp-content\/uploads\/2022\/06\/PROGETTO-DIVING-GRUPPI2.jpg\" width=\"595\" height=\"842\" srcset=\"https:\/\/new2.iknosdiving.com\/wp-content\/uploads\/2022\/06\/PROGETTO-DIVING-GRUPPI2.jpg 595w, https:\/\/new2.iknosdiving.com\/wp-content\/uploads\/2022\/06\/PROGETTO-DIVING-GRUPPI2-353x500.jpg 353w\" sizes=\"(max-width: 595px) 100vw, 595px\" title=\"PROGETTO DIVING GRUPPI2\" alt=\"\" \t\tclass=\"so-widget-image\"\/>\n\t<\/a><\/div>\n\n<\/div><\/div>\n<\/div>\n<div id=\"pgc-5437-2-2\"  class=\"panel-grid-cell\"  data-weight=\"0.33333333333333\" >\n<div id=\"panel-5437-2-2-0\" class=\"so-panel widget widget_sow-image panel-first-child panel-last-child\" data-index=\"5\" data-style=\"{&quot;background_image_attachment&quot;:false,&quot;background_display&quot;:&quot;tile&quot;}\" ><div\n\t\t\t\n\t\t\tclass=\"so-widget-sow-image so-widget-sow-image-default-8b5b6f678277\"\n\t\t\t\n\t\t>\n\n<div class=\"sow-image-container\">\n\t\t\t<a href=\"https:\/\/new2.iknosdiving.com\/wp-content\/uploads\/2022\/06\/PROGETTO-DIVING-GRUPPI-1.pdf\"\n\t\t\t\t\t>\n\t\t\t<img loading=\"lazy\" decoding=\"async\" src=\"https:\/\/new2.iknosdiving.com\/wp-content\/uploads\/2022\/06\/PROGETTO-DIVING-GRUPPI3.jpg\" width=\"595\" height=\"842\" srcset=\"https:\/\/new2.iknosdiving.com\/wp-content\/uploads\/2022\/06\/PROGETTO-DIVING-GRUPPI3.jpg 595w, https:\/\/new2.iknosdiving.com\/wp-content\/uploads\/2022\/06\/PROGETTO-DIVING-GRUPPI3-353x500.jpg 353w\" sizes=\"(max-width: 595px) 100vw, 595px\" title=\"PROGETTO DIVING GRUPPI3\" alt=\"\" \t\tclass=\"so-widget-image\"\/>\n\t<\/a><\/div>\n\n<\/div><\/div>\n<\/div>\n<\/div>\n<div id=\"pg-5437-3\"  class=\"panel-grid panel-no-style\"  data-style=\"{&quot;background_image_attachment&quot;:false,&quot;background_display&quot;:&quot;tile&quot;,&quot;full_height&quot;:&quot;&quot;,&quot;bottom_margin&quot;:&quot;70px&quot;,&quot;cell_alignment&quot;:&quot;flex-start&quot;}\"  data-ratio=\"1\"  data-ratio-direction=\"right\" >\n<div id=\"pgc-5437-3-0\"  class=\"panel-grid-cell\"  data-weight=\"1\" >\n<div id=\"panel-5437-3-0-0\" class=\"so-panel widget widget_sow-button panel-first-child panel-last-child\" data-index=\"6\" data-style=\"{&quot;background_image_attachment&quot;:false,&quot;background_display&quot;:&quot;tile&quot;}\" ><div\n\t\t\t\n\t\t\tclass=\"so-widget-sow-button so-widget-sow-button-wire-19b25e414778\"\n\t\t\t\n\t\t><div class=\"ow-button-base ow-button-align-center\">\n\t<a\n\thref=\"https:\/\/new2.iknosdiving.com\/de\/contattaci\/\"\n\t\tclass=\"ow-icon-placement-left ow-button-hover\" \t>\n\t\t<span>\n\t\t\t\n\t\t\tKontaktieren Sie uns, um dieses Erlebnis gemeinsam zu organisieren!\t\t<\/span>\n\t<\/a>\n<\/div>\n<\/div><\/div>\n<\/div>\n<\/div>\n<\/div>","protected":false},"excerpt":{"rendered":"<p>Wir bieten personalisierte Wochen und Ferien mit Tauchkursen und vielen anderen Aktivit\u00e4ten, mit Unterkunft im wundersch\u00f6nen Isuledda Village. \u00dcber 60 Tauchpl\u00e4tze im La-Maddalena-Archipelago-Nationalpark, die mit Maxi-Rafts erreicht werden k\u00f6nnen. M\u00f6glichkeit, &#8230;<\/p>\n","protected":false},"author":3,"featured_media":0,"parent":0,"menu_order":0,"comment_status":"closed","ping_status":"closed","template":"","meta":{"footnotes":""},"yoast_head":"<!-- This site is optimized with the Yoast SEO plugin v24.5 - https:\/\/yoast.com\/wordpress\/plugins\/seo\/ -->\n<title>GRUPPI SUB &amp; APNEA - Iknos Diving - Sardegna<\/title>\n<meta name=\"description\" content=\"Vacanze per gruppi di subacquei e apneisti. Vi accompagneremo in un&#039;esperienza indimenticabile alla scoperta dell&#039; Arcipelago\" \/>\n<meta name=\"robots\" content=\"noindex, follow, max-snippet:-1, max-image-preview:large, max-video-preview:-1\" \/>\n<meta property=\"og:locale\" content=\"de_DE\" \/>\n<meta property=\"og:type\" content=\"article\" \/>\n<meta property=\"og:title\" content=\"[:it]GRUPPI SUB &amp; APNEA - Iknos Diving - Sardegna [:de]GRUPPI SUB &amp; APNEA - Iknos Diving - Sardegna [:]\" \/>\n<meta property=\"og:description\" content=\"{:de}Vacanze per gruppi di subacquei e apneisti. Vi accompagneremo in un&#039;esperienza indimenticabile alla scoperta dell&#039; Arcipelago{:}\" \/>\n<meta property=\"og:url\" content=\"https:\/\/new2.iknosdiving.com\/gruppisub\/\" \/>\n<meta property=\"og:site_name\" content=\"Iknos Diving - Sardegna\" \/>\n<meta property=\"article:publisher\" content=\"https:\/\/www.facebook.com\/IknosDiving\" \/>\n<meta property=\"article:modified_time\" content=\"2023-06-26T12:42:13+00:00\" \/>\n<meta name=\"twitter:label1\" content=\"Gesch\u00e4tzte Lesezeit\" \/>\n\t<meta name=\"twitter:data1\" content=\"1\u00a0Minute\" \/>\n<script type=\"application\/ld+json\" class=\"yoast-schema-graph\">{\"@context\":\"https:\/\/schema.org\",\"@graph\":[{\"@type\":\"WebPage\",\"@id\":\"https:\/\/new2.iknosdiving.com\/gruppisub\/\",\"url\":\"https:\/\/new2.iknosdiving.com\/gruppisub\/\",\"name\":\"[:it]GRUPPI SUB & APNEA - Iknos Diving - Sardegna [:de]GRUPPI SUB & APNEA - Iknos Diving - Sardegna [:]\",\"isPartOf\":{\"@id\":\"https:\/\/new2.iknosdiving.com\/#website\"},\"datePublished\":\"2019-02-02T08:16:39+00:00\",\"dateModified\":\"2023-06-26T12:42:13+00:00\",\"description\":\"{:de}Vacanze per gruppi di subacquei e apneisti. Vi accompagneremo in un'esperienza indimenticabile alla scoperta dell' Arcipelago{:}\",\"breadcrumb\":{\"@id\":\"https:\/\/new2.iknosdiving.com\/gruppisub\/#breadcrumb\"},\"inLanguage\":\"de\",\"potentialAction\":[{\"@type\":\"ReadAction\",\"target\":[\"https:\/\/new2.iknosdiving.com\/gruppisub\/\"]}]},{\"@type\":\"BreadcrumbList\",\"@id\":\"https:\/\/new2.iknosdiving.com\/gruppisub\/#breadcrumb\",\"itemListElement\":[{\"@type\":\"ListItem\",\"position\":1,\"name\":\"Home\",\"item\":\"https:\/\/new2.iknosdiving.com\/\"},{\"@type\":\"ListItem\",\"position\":2,\"name\":\"GRUPPI SUB\"}]},{\"@type\":\"WebSite\",\"@id\":\"https:\/\/new2.iknosdiving.com\/#website\",\"url\":\"https:\/\/new2.iknosdiving.com\/\",\"name\":\"Iknos Diving - Sardegna\",\"description\":\"Iknos Diving - Le migliori immersioni in Sardegna\",\"publisher\":{\"@id\":\"https:\/\/new2.iknosdiving.com\/#organization\"},\"potentialAction\":[{\"@type\":\"SearchAction\",\"target\":{\"@type\":\"EntryPoint\",\"urlTemplate\":\"https:\/\/new2.iknosdiving.com\/?s={search_term_string}\"},\"query-input\":{\"@type\":\"PropertyValueSpecification\",\"valueRequired\":true,\"valueName\":\"search_term_string\"}}],\"inLanguage\":\"de\"},{\"@type\":\"Organization\",\"@id\":\"https:\/\/new2.iknosdiving.com\/#organization\",\"name\":\"Iknos Diving - Sardegna\",\"url\":\"https:\/\/new2.iknosdiving.com\/\",\"logo\":{\"@type\":\"ImageObject\",\"inLanguage\":\"de\",\"@id\":\"https:\/\/new2.iknosdiving.com\/#\/schema\/logo\/image\/\",\"url\":\"https:\/\/new2.iknosdiving.com\/wp-content\/uploads\/2019\/04\/cropped-IMG_0727.png\",\"contentUrl\":\"https:\/\/new2.iknosdiving.com\/wp-content\/uploads\/2019\/04\/cropped-IMG_0727.png\",\"width\":2654,\"height\":2202,\"caption\":\"Iknos Diving - Sardegna\"},\"image\":{\"@id\":\"https:\/\/new2.iknosdiving.com\/#\/schema\/logo\/image\/\"},\"sameAs\":[\"https:\/\/www.facebook.com\/IknosDiving\",\"https:\/\/www.instagram.com\/iknosdiving\/\"]}]}<\/script>\n<!-- \/ Yoast SEO plugin. -->","yoast_head_json":{"title":"GRUPPI SUB & APNEA - Iknos Diving - Sardegna","description":"Vacanze per gruppi di subacquei e apneisti. Vi accompagneremo in un'esperienza indimenticabile alla scoperta dell' Arcipelago","robots":{"index":"noindex","follow":"follow","max-snippet":"max-snippet:-1","max-image-preview":"max-image-preview:large","max-video-preview":"max-video-preview:-1"},"og_locale":"de_DE","og_type":"article","og_title":"[:it]GRUPPI SUB & APNEA - Iknos Diving - Sardegna [:de]GRUPPI SUB & APNEA - Iknos Diving - Sardegna [:]","og_description":"{:de}Vacanze per gruppi di subacquei e apneisti. Vi accompagneremo in un'esperienza indimenticabile alla scoperta dell' Arcipelago{:}","og_url":"https:\/\/new2.iknosdiving.com\/gruppisub\/","og_site_name":"Iknos Diving - Sardegna","article_publisher":"https:\/\/www.facebook.com\/IknosDiving","article_modified_time":"2023-06-26T12:42:13+00:00","twitter_misc":{"Gesch\u00e4tzte Lesezeit":"1\u00a0Minute"},"schema":{"@context":"https:\/\/schema.org","@graph":[{"@type":"WebPage","@id":"https:\/\/new2.iknosdiving.com\/gruppisub\/","url":"https:\/\/new2.iknosdiving.com\/gruppisub\/","name":"[:it]GRUPPI SUB & APNEA - Iknos Diving - Sardegna [:de]GRUPPI SUB & APNEA - Iknos Diving - Sardegna [:]","isPartOf":{"@id":"https:\/\/new2.iknosdiving.com\/#website"},"datePublished":"2019-02-02T08:16:39+00:00","dateModified":"2023-06-26T12:42:13+00:00","description":"{:de}Vacanze per gruppi di subacquei e apneisti. Vi accompagneremo in un'esperienza indimenticabile alla scoperta dell' Arcipelago{:}","breadcrumb":{"@id":"https:\/\/new2.iknosdiving.com\/gruppisub\/#breadcrumb"},"inLanguage":"de","potentialAction":[{"@type":"ReadAction","target":["https:\/\/new2.iknosdiving.com\/gruppisub\/"]}]},{"@type":"BreadcrumbList","@id":"https:\/\/new2.iknosdiving.com\/gruppisub\/#breadcrumb","itemListElement":[{"@type":"ListItem","position":1,"name":"Home","item":"https:\/\/new2.iknosdiving.com\/"},{"@type":"ListItem","position":2,"name":"GRUPPI SUB"}]},{"@type":"WebSite","@id":"https:\/\/new2.iknosdiving.com\/#website","url":"https:\/\/new2.iknosdiving.com\/","name":"Iknos Diving - Sardegna","description":"Iknos Diving - Le migliori immersioni in Sardegna","publisher":{"@id":"https:\/\/new2.iknosdiving.com\/#organization"},"potentialAction":[{"@type":"SearchAction","target":{"@type":"EntryPoint","urlTemplate":"https:\/\/new2.iknosdiving.com\/?s={search_term_string}"},"query-input":{"@type":"PropertyValueSpecification","valueRequired":true,"valueName":"search_term_string"}}],"inLanguage":"de"},{"@type":"Organization","@id":"https:\/\/new2.iknosdiving.com\/#organization","name":"Iknos Diving - Sardegna","url":"https:\/\/new2.iknosdiving.com\/","logo":{"@type":"ImageObject","inLanguage":"de","@id":"https:\/\/new2.iknosdiving.com\/#\/schema\/logo\/image\/","url":"https:\/\/new2.iknosdiving.com\/wp-content\/uploads\/2019\/04\/cropped-IMG_0727.png","contentUrl":"https:\/\/new2.iknosdiving.com\/wp-content\/uploads\/2019\/04\/cropped-IMG_0727.png","width":2654,"height":2202,"caption":"Iknos Diving - Sardegna"},"image":{"@id":"https:\/\/new2.iknosdiving.com\/#\/schema\/logo\/image\/"},"sameAs":["https:\/\/www.facebook.com\/IknosDiving","https:\/\/www.instagram.com\/iknosdiving\/"]}]}},"_links":{"self":[{"href":"https:\/\/new2.iknosdiving.com\/de\/wp-json\/wp\/v2\/pages\/5437"}],"collection":[{"href":"https:\/\/new2.iknosdiving.com\/de\/wp-json\/wp\/v2\/pages"}],"about":[{"href":"https:\/\/new2.iknosdiving.com\/de\/wp-json\/wp\/v2\/types\/page"}],"author":[{"embeddable":true,"href":"https:\/\/new2.iknosdiving.com\/de\/wp-json\/wp\/v2\/users\/3"}],"replies":[{"embeddable":true,"href":"https:\/\/new2.iknosdiving.com\/de\/wp-json\/wp\/v2\/comments?post=5437"}],"version-history":[{"count":373,"href":"https:\/\/new2.iknosdiving.com\/de\/wp-json\/wp\/v2\/pages\/5437\/revisions"}],"predecessor-version":[{"id":9819,"href":"https:\/\/new2.iknosdiving.com\/de\/wp-json\/wp\/v2\/pages\/5437\/revisions\/9819"}],"wp:attachment":[{"href":"https:\/\/new2.iknosdiving.com\/de\/wp-json\/wp\/v2\/media?parent=5437"}],"curies":[{"name":"wp","href":"https:\/\/api.w.org\/{rel}","templated":true}]}}