{"id":5244,"date":"2019-01-30T09:09:02","date_gmt":"2019-01-30T09:09:02","guid":{"rendered":"https:\/\/new2.iknosdiving.com\/?page_id=5244"},"modified":"2023-06-26T12:41:54","modified_gmt":"2023-06-26T12:41:54","slug":"proposte-per-gruppi","status":"publish","type":"page","link":"https:\/\/new2.iknosdiving.com\/de\/proposte-per-gruppi\/","title":{"rendered":"AREA GRUPPI"},"content":{"rendered":"<div id=\"pl-5244\"  class=\"panel-layout\" >\n<div id=\"pg-5244-0\"  class=\"panel-grid panel-has-style\"  data-style=\"{&quot;background_display&quot;:&quot;tile&quot;,&quot;full_height&quot;:&quot;&quot;,&quot;row_stretch&quot;:&quot;full-stretched&quot;}\" >\n<div class=\"siteorigin-panels-stretch panel-row-style panel-row-style-for-5244-0\" data-stretch-type=\"full-stretched\" >\n<div id=\"pgc-5244-0-0\"  class=\"panel-grid-cell\"  data-weight=\"1\" >\n<div id=\"panel-5244-0-0-0\" class=\"so-panel widget widget_sow-hero panel-first-child panel-last-child\" data-index=\"0\" data-style=\"{&quot;background_image_attachment&quot;:false,&quot;background_display&quot;:&quot;tile&quot;,&quot;background_image_size&quot;:&quot;full&quot;,&quot;border_thickness&quot;:&quot;1px&quot;}\" ><div\n\t\t\t\n\t\t\tclass=\"so-widget-sow-hero so-widget-sow-hero-default-9f4e9e886725 so-widget-fittext-wrapper\"\n\t\t\t data-fit-text-compressor=\"0.85\"\n\t\t>\t\t\t\t<div class=\"sow-slider-base\" style=\"display: none\" tabindex=\"0\">\n\t\t\t\t\t<ul\n\t\t\t\t\tclass=\"sow-slider-images\"\n\t\t\t\t\tdata-settings=\"{&quot;pagination&quot;:true,&quot;speed&quot;:&quot;800&quot;,&quot;timeout&quot;:&quot;8000&quot;,&quot;paused&quot;:false,&quot;pause_on_hover&quot;:false,&quot;swipe&quot;:&quot;1&quot;,&quot;nav_always_show_desktop&quot;:&quot;&quot;,&quot;nav_always_show_mobile&quot;:&quot;&quot;,&quot;breakpoint&quot;:&quot;780px&quot;,&quot;unmute&quot;:false,&quot;anchor&quot;:null}\"\n\t\t\t\t\tstyle=\"min-height: 700px\"\t\t\t\t\tdata-anchor-id=\"\"\n\t\t\t\t>\t\t<li class=\"sow-slider-image  sow-slider-image-cover\" style=\"visibility: visible;;background-color: #333333;background-image: url(https:\/\/new2.iknosdiving.com\/wp-content\/uploads\/2019\/01\/IMG_3749.jpg)\" >\n\t\t\t\t\t<div class=\"sow-slider-image-container\">\n\t\t\t<div class=\"sow-slider-image-wrapper\">\n\t\t\t\t&lt;h1 style=&quot;text-align: center;&quot;&gt;GRUPPEN&lt;\/h1&gt;\t\t\t<\/div>\n\t\t<\/div>\n\t\t\t\t<\/li>\n\t\t\t\t<li class=\"sow-slider-image  sow-slider-image-cover\" style=\"visibility: hidden;;background-color: #333333\" data-background=\"url(https:\/\/new2.iknosdiving.com\/wp-content\/uploads\/2022\/06\/PARCO-SCUOLA-2-scaled-e1658160323990.jpg)\" >\n\t\t\t\t\t<div class=\"sow-slider-image-container\">\n\t\t\t<div class=\"sow-slider-image-wrapper\">\n\t\t\t\t&lt;h1 style=&quot;text-align: center;&quot;&gt;GRUPPEN&lt;\/h1&gt;\t\t\t<\/div>\n\t\t<\/div>\n\t\t\t\t<\/li>\n\t\t\t\t<li class=\"sow-slider-image  sow-slider-image-cover\" style=\"visibility: hidden;;background-color: #333333\" data-background=\"url(https:\/\/new2.iknosdiving.com\/wp-content\/uploads\/2022\/07\/WhatsApp-Image-2022-07-18-at-16.58.29-4-e1658160562577.jpeg)\" >\n\t\t\t\t\t<div class=\"sow-slider-image-container\">\n\t\t\t<div class=\"sow-slider-image-wrapper\">\n\t\t\t\t&lt;h1 style=&quot;text-align: center;&quot;&gt;GRUPPEN&lt;\/h1&gt;\t\t\t<\/div>\n\t\t<\/div>\n\t\t\t\t<\/li>\n\t\t<\/ul>\t\t\t\t<ol class=\"sow-slider-pagination\">\n\t\t\t\t\t\t\t\t\t\t\t<li><a href=\"#\" data-goto=\"0\" aria-label=\"display slide 1\"><\/a><\/li>\n\t\t\t\t\t\t\t\t\t\t\t<li><a href=\"#\" data-goto=\"1\" aria-label=\"display slide 2\"><\/a><\/li>\n\t\t\t\t\t\t\t\t\t\t\t<li><a href=\"#\" data-goto=\"2\" aria-label=\"display slide 3\"><\/a><\/li>\n\t\t\t\t\t\t\t\t\t<\/ol>\n\n\t\t\t\t<div class=\"sow-slide-nav sow-slide-nav-next\">\n\t\t\t\t\t<a href=\"#\" data-goto=\"next\" aria-label=\"next slide\" data-action=\"next\">\n\t\t\t\t\t\t<em class=\"sow-sld-icon-thin-right\"><\/em>\n\t\t\t\t\t<\/a>\n\t\t\t\t<\/div>\n\n\t\t\t\t<div class=\"sow-slide-nav sow-slide-nav-prev\">\n\t\t\t\t\t<a href=\"#\" data-goto=\"previous\" aria-label=\"previous slide\" data-action=\"prev\">\n\t\t\t\t\t\t<em class=\"sow-sld-icon-thin-left\"><\/em>\n\t\t\t\t\t<\/a>\n\t\t\t\t<\/div>\n\t\t\t\t<\/div><\/div><\/div>\n<\/div>\n<\/div>\n<\/div>\n<div id=\"pg-5244-1\"  class=\"panel-grid panel-no-style\"  data-style=\"{&quot;background_image_attachment&quot;:false,&quot;background_display&quot;:&quot;tile&quot;,&quot;full_height&quot;:&quot;&quot;,&quot;cell_alignment&quot;:&quot;flex-start&quot;}\" >\n<div id=\"pgc-5244-1-0\"  class=\"panel-grid-cell\"  data-weight=\"1\" >\n<div id=\"panel-5244-1-0-0\" class=\"so-panel widget widget_sow-headline panel-first-child\" data-index=\"1\" data-style=\"{&quot;background_image_attachment&quot;:false,&quot;background_display&quot;:&quot;tile&quot;}\" ><div\n\t\t\t\n\t\t\tclass=\"so-widget-sow-headline so-widget-sow-headline-default-e4ac3b7172b7\"\n\t\t\t\n\t\t><div class=\"sow-headline-container \">\n\t\t\t\t\t\t\t<h1 class=\"sow-headline\">\n\t\t\t\t\t\tFerienideen f\u00fcr Tauchgruppen, Wellness und Schulen\t\t\t\t\t\t<\/h1>\n\t\t\t\t\t\t\t\t\t\t\t<div class=\"decoration\">\n\t\t\t\t\t\t<div class=\"decoration-inside\"><\/div>\n\t\t\t\t\t<\/div>\n\t\t\t\t\t<\/div>\n<\/div><\/div>\n<div id=\"panel-5244-1-0-1\" class=\"so-panel widget widget_sow-editor panel-last-child\" data-index=\"2\" data-style=\"{&quot;background_image_attachment&quot;:false,&quot;background_display&quot;:&quot;tile&quot;}\" >\n<div\n\t\t\t\n\t\t\tclass=\"so-widget-sow-editor so-widget-sow-editor-base\"\n\t\t\t\n\t\t><\/p>\n<div class=\"siteorigin-widget-tinymce textwidget\">\n<p> Sind Sie Gruppenleiter, Lehrer oder Professor f\u00fcr eine Klasse?<br \/>\nDies ist der Bereich f\u00fcr Sie!<br \/>\nIkn\u00f2s organisiert Sport- und Naturwochen f\u00fcr Sportgruppen, Enthusiasten verschiedener Disziplinen sowie f\u00fcr Klassen und Gymnasien.<\/p>\n<p>Die strategische Lage des Centro Vacanze Isuledda, direkt vor dem La Maddalena-Archipel, macht diese Lage zum idealen Ausgangspunkt, um die umliegenden Orte zu erkunden.<\/p>\n<p>Das Dorf, umgeben von Natur, eignet sich f\u00fcr Aufenthalte und Ferien f\u00fcr Gruppen, die dank ihrer gro\u00dfen Tagungsr\u00e4ume, wie dem Amphitheater, der Wiese am Meer und den langen Sandstr\u00e4nden, dieselbe Leidenschaft teilen m\u00f6chten.<\/p>\n<p><strong>W\u00c4HLEN SIE DEN BEREICH IHRES INTERESSENS HIER ODER <a href=\"https:\/\/new2.iknosdiving.com\/contattaci\/\">KONTAKTIEREN SIE UNS<\/a>, UM EINEN MASSGESCHNEIDERTEN URLAUB F\u00dcR IHRE GRUPPE ZU BAUEN!<\/strong><\/p>\n<\/div>\n<\/div>\n<\/div>\n<\/div>\n<\/div>\n<div id=\"pg-5244-2\"  class=\"panel-grid panel-no-style\"  data-style=\"{&quot;background_image_attachment&quot;:false,&quot;background_display&quot;:&quot;tile&quot;,&quot;full_height&quot;:&quot;&quot;,&quot;bottom_margin&quot;:&quot;70px&quot;,&quot;cell_alignment&quot;:&quot;flex-start&quot;}\"  data-ratio=\"1\"  data-ratio-direction=\"right\" >\n<div id=\"pgc-5244-2-0\"  class=\"panel-grid-cell\"  data-weight=\"0.33333333333333\" >\n<div id=\"panel-5244-2-0-0\" class=\"so-panel widget widget_sow-hero panel-first-child panel-last-child\" data-index=\"3\" data-style=\"{&quot;background_image_attachment&quot;:false,&quot;background_display&quot;:&quot;tile&quot;}\" ><div\n\t\t\t\n\t\t\tclass=\"so-widget-sow-hero so-widget-sow-hero-default-02ef2fc8ef69 so-widget-fittext-wrapper\"\n\t\t\t data-fit-text-compressor=\"0.85\"\n\t\t>\t\t\t\t<div class=\"sow-slider-base\" style=\"display: none\" tabindex=\"0\">\n\t\t\t\t\t<ul\n\t\t\t\t\tclass=\"sow-slider-images\"\n\t\t\t\t\tdata-settings=\"{&quot;pagination&quot;:true,&quot;speed&quot;:&quot;800&quot;,&quot;timeout&quot;:&quot;8000&quot;,&quot;paused&quot;:false,&quot;pause_on_hover&quot;:false,&quot;swipe&quot;:&quot;1&quot;,&quot;nav_always_show_desktop&quot;:&quot;&quot;,&quot;nav_always_show_mobile&quot;:&quot;&quot;,&quot;breakpoint&quot;:&quot;780px&quot;,&quot;unmute&quot;:false,&quot;anchor&quot;:null}\"\n\t\t\t\t\tstyle=\"min-height: 300px\"\t\t\t\t\tdata-anchor-id=\"\"\n\t\t\t\t>\t\t<li class=\"sow-slider-image  sow-slider-image-cover\" style=\"visibility: visible;;background-color: #333333;background-image: url(https:\/\/new2.iknosdiving.com\/wp-content\/uploads\/2017\/02\/CornelisIknos-diving-12.jpg);cursor: pointer;\" data-url=\"{&quot;url&quot;:&quot;https:\\\/\\\/new2.iknosdiving.com\\\/de\\\/gruppisub\\\/&quot;,&quot;new_window&quot;:true}\" >\n\t\t\t\t\t<div class=\"sow-slider-image-container\">\n\t\t\t<div class=\"sow-slider-image-wrapper\">\n\t\t\t\t&lt;h2&gt;&lt;\/h2&gt;\n&lt;p&gt;&nbsp;&lt;\/p&gt;\n&lt;h3 style=&quot;text-align: center;&quot;&gt;DIVING &amp; APNEA&lt;\/h3&gt;\n\t\t\t<\/div>\n\t\t<\/div>\n\t\t\t\t<\/li>\n\t\t<\/ul>\t\t\t\t<ol class=\"sow-slider-pagination\">\n\t\t\t\t\t\t\t\t\t\t\t<li><a href=\"#\" data-goto=\"0\" aria-label=\"display slide 1\"><\/a><\/li>\n\t\t\t\t\t\t\t\t\t<\/ol>\n\n\t\t\t\t<div class=\"sow-slide-nav sow-slide-nav-next\">\n\t\t\t\t\t<a href=\"#\" data-goto=\"next\" aria-label=\"next slide\" data-action=\"next\">\n\t\t\t\t\t\t<em class=\"sow-sld-icon-thin-right\"><\/em>\n\t\t\t\t\t<\/a>\n\t\t\t\t<\/div>\n\n\t\t\t\t<div class=\"sow-slide-nav sow-slide-nav-prev\">\n\t\t\t\t\t<a href=\"#\" data-goto=\"previous\" aria-label=\"previous slide\" data-action=\"prev\">\n\t\t\t\t\t\t<em class=\"sow-sld-icon-thin-left\"><\/em>\n\t\t\t\t\t<\/a>\n\t\t\t\t<\/div>\n\t\t\t\t<\/div><\/div><\/div>\n<\/div>\n<div id=\"pgc-5244-2-1\"  class=\"panel-grid-cell\"  data-weight=\"0.33333333333333\" >\n<div id=\"panel-5244-2-1-0\" class=\"so-panel widget widget_sow-hero panel-first-child panel-last-child\" data-index=\"4\" data-style=\"{&quot;background_image_attachment&quot;:false,&quot;background_display&quot;:&quot;tile&quot;}\" ><div\n\t\t\t\n\t\t\tclass=\"so-widget-sow-hero so-widget-sow-hero-default-0a10ebff32cb so-widget-fittext-wrapper\"\n\t\t\t data-fit-text-compressor=\"0.85\"\n\t\t>\t\t\t\t<div class=\"sow-slider-base\" style=\"display: none\" tabindex=\"0\">\n\t\t\t\t\t<ul\n\t\t\t\t\tclass=\"sow-slider-images\"\n\t\t\t\t\tdata-settings=\"{&quot;pagination&quot;:true,&quot;speed&quot;:&quot;800&quot;,&quot;timeout&quot;:&quot;8000&quot;,&quot;paused&quot;:false,&quot;pause_on_hover&quot;:false,&quot;swipe&quot;:&quot;1&quot;,&quot;nav_always_show_desktop&quot;:&quot;&quot;,&quot;nav_always_show_mobile&quot;:&quot;&quot;,&quot;breakpoint&quot;:&quot;780px&quot;,&quot;unmute&quot;:false,&quot;anchor&quot;:null}\"\n\t\t\t\t\tstyle=\"min-height: 300px\"\t\t\t\t\tdata-anchor-id=\"\"\n\t\t\t\t>\t\t<li class=\"sow-slider-image  sow-slider-image-cover\" style=\"visibility: visible;;background-color: #333333;background-image: url(https:\/\/new2.iknosdiving.com\/wp-content\/uploads\/2019\/01\/Schermata-2019-01-04-alle-15.50.13.png);cursor: pointer;\" data-url=\"{&quot;url&quot;:&quot;https:\\\/\\\/new2.iknosdiving.com\\\/scuole\\\/&quot;,&quot;new_window&quot;:false}\" >\n\t\t\t\t\t<div class=\"sow-slider-image-container\">\n\t\t\t<div class=\"sow-slider-image-wrapper\">\n\t\t\t\t&lt;h2&gt;&lt;\/h2&gt;\n&lt;p&gt;&nbsp;&lt;\/p&gt;\n&lt;p&gt;&nbsp;&lt;\/p&gt;\n&lt;h3 style=&quot;text-align: center;&quot;&gt;SCUOLE&lt;\/h3&gt;\n\t\t\t<\/div>\n\t\t<\/div>\n\t\t\t\t<\/li>\n\t\t<\/ul>\t\t\t\t<ol class=\"sow-slider-pagination\">\n\t\t\t\t\t\t\t\t\t\t\t<li><a href=\"#\" data-goto=\"0\" aria-label=\"display slide 1\"><\/a><\/li>\n\t\t\t\t\t\t\t\t\t<\/ol>\n\n\t\t\t\t<div class=\"sow-slide-nav sow-slide-nav-next\">\n\t\t\t\t\t<a href=\"#\" data-goto=\"next\" aria-label=\"next slide\" data-action=\"next\">\n\t\t\t\t\t\t<em class=\"sow-sld-icon-thin-right\"><\/em>\n\t\t\t\t\t<\/a>\n\t\t\t\t<\/div>\n\n\t\t\t\t<div class=\"sow-slide-nav sow-slide-nav-prev\">\n\t\t\t\t\t<a href=\"#\" data-goto=\"previous\" aria-label=\"previous slide\" data-action=\"prev\">\n\t\t\t\t\t\t<em class=\"sow-sld-icon-thin-left\"><\/em>\n\t\t\t\t\t<\/a>\n\t\t\t\t<\/div>\n\t\t\t\t<\/div><\/div><\/div>\n<\/div>\n<div id=\"pgc-5244-2-2\"  class=\"panel-grid-cell\"  data-weight=\"0.33333333333333\" >\n<div id=\"panel-5244-2-2-0\" class=\"so-panel widget widget_sow-hero panel-first-child panel-last-child\" data-index=\"5\" data-style=\"{&quot;background_image_attachment&quot;:false,&quot;background_display&quot;:&quot;tile&quot;}\" ><div\n\t\t\t\n\t\t\tclass=\"so-widget-sow-hero so-widget-sow-hero-default-02ef2fc8ef69 so-widget-fittext-wrapper\"\n\t\t\t data-fit-text-compressor=\"0.85\"\n\t\t>\t\t\t\t<div class=\"sow-slider-base\" style=\"display: none\" tabindex=\"0\">\n\t\t\t\t\t<ul\n\t\t\t\t\tclass=\"sow-slider-images\"\n\t\t\t\t\tdata-settings=\"{&quot;pagination&quot;:true,&quot;speed&quot;:&quot;800&quot;,&quot;timeout&quot;:&quot;8000&quot;,&quot;paused&quot;:false,&quot;pause_on_hover&quot;:false,&quot;swipe&quot;:&quot;1&quot;,&quot;nav_always_show_desktop&quot;:&quot;&quot;,&quot;nav_always_show_mobile&quot;:&quot;&quot;,&quot;breakpoint&quot;:&quot;780px&quot;,&quot;unmute&quot;:false,&quot;anchor&quot;:null}\"\n\t\t\t\t\tstyle=\"min-height: 300px\"\t\t\t\t\tdata-anchor-id=\"\"\n\t\t\t\t>\t\t<li class=\"sow-slider-image  sow-slider-image-cover\" style=\"visibility: visible;;background-color: #333333;background-image: url(https:\/\/new2.iknosdiving.com\/wp-content\/uploads\/2019\/01\/9-righteous-reasons-to-try-beautiful-beach-yoga.jpg);cursor: pointer;\" data-url=\"{&quot;url&quot;:&quot;https:\\\/\\\/new2.iknosdiving.com\\\/de\\\/settimanewellnessenatura\\\/&quot;,&quot;new_window&quot;:true}\" >\n\t\t\t\t\t<div class=\"sow-slider-image-container\">\n\t\t\t<div class=\"sow-slider-image-wrapper\">\n\t\t\t\t&lt;h2&gt;&lt;\/h2&gt;\n&lt;p&gt;&nbsp;&lt;\/p&gt;\n&lt;h3 style=&quot;text-align: center;&quot;&gt;WELLNESS&lt;\/h3&gt;\n\t\t\t<\/div>\n\t\t<\/div>\n\t\t\t\t<\/li>\n\t\t<\/ul>\t\t\t\t<ol class=\"sow-slider-pagination\">\n\t\t\t\t\t\t\t\t\t\t\t<li><a href=\"#\" data-goto=\"0\" aria-label=\"display slide 1\"><\/a><\/li>\n\t\t\t\t\t\t\t\t\t<\/ol>\n\n\t\t\t\t<div class=\"sow-slide-nav sow-slide-nav-next\">\n\t\t\t\t\t<a href=\"#\" data-goto=\"next\" aria-label=\"next slide\" data-action=\"next\">\n\t\t\t\t\t\t<em class=\"sow-sld-icon-thin-right\"><\/em>\n\t\t\t\t\t<\/a>\n\t\t\t\t<\/div>\n\n\t\t\t\t<div class=\"sow-slide-nav sow-slide-nav-prev\">\n\t\t\t\t\t<a href=\"#\" data-goto=\"previous\" aria-label=\"previous slide\" data-action=\"prev\">\n\t\t\t\t\t\t<em class=\"sow-sld-icon-thin-left\"><\/em>\n\t\t\t\t\t<\/a>\n\t\t\t\t<\/div>\n\t\t\t\t<\/div><\/div><\/div>\n<\/div>\n<\/div>\n<\/div>","protected":false},"excerpt":{"rendered":"<p>Sind Sie Gruppenleiter, Lehrer oder Professor f\u00fcr eine Klasse? Dies ist der Bereich f\u00fcr Sie! Ikn\u00f2s organisiert Sport- und Naturwochen f\u00fcr Sportgruppen, Enthusiasten verschiedener Disziplinen sowie f\u00fcr Klassen und Gymnasien. &#8230;<\/p>\n","protected":false},"author":3,"featured_media":0,"parent":0,"menu_order":0,"comment_status":"closed","ping_status":"closed","template":"","meta":{"footnotes":""},"yoast_head":"<!-- This site is optimized with the Yoast SEO plugin v24.5 - https:\/\/yoast.com\/wordpress\/plugins\/seo\/ -->\n<title>GRUPPI - Iknos Diving - Sardegna<\/title>\n<meta name=\"robots\" content=\"noindex, follow, max-snippet:-1, max-image-preview:large, max-video-preview:-1\" \/>\n<meta property=\"og:locale\" content=\"de_DE\" \/>\n<meta property=\"og:type\" content=\"article\" \/>\n<meta property=\"og:title\" content=\"[:de]GRUPPI - Iknos Diving - Sardegna [:]\" \/>\n<meta property=\"og:description\" content=\"Sind Sie Gruppenleiter, Lehrer oder Professor f\u00fcr eine Klasse? Dies ist der Bereich f\u00fcr Sie! Ikn\u00f2s organisiert Sport- und Naturwochen f\u00fcr Sportgruppen, Enthusiasten verschiedener Disziplinen sowie f\u00fcr Klassen und Gymnasien. ...\" \/>\n<meta property=\"og:url\" content=\"https:\/\/new2.iknosdiving.com\/proposte-per-gruppi\/\" \/>\n<meta property=\"og:site_name\" content=\"Iknos Diving - Sardegna\" \/>\n<meta property=\"article:publisher\" content=\"https:\/\/www.facebook.com\/IknosDiving\" \/>\n<meta property=\"article:modified_time\" content=\"2023-06-26T12:41:54+00:00\" \/>\n<meta name=\"twitter:label1\" content=\"Gesch\u00e4tzte Lesezeit\" \/>\n\t<meta name=\"twitter:data1\" content=\"3\u00a0Minuten\" \/>\n<script type=\"application\/ld+json\" class=\"yoast-schema-graph\">{\"@context\":\"https:\/\/schema.org\",\"@graph\":[{\"@type\":\"WebPage\",\"@id\":\"https:\/\/new2.iknosdiving.com\/proposte-per-gruppi\/\",\"url\":\"https:\/\/new2.iknosdiving.com\/proposte-per-gruppi\/\",\"name\":\"[:de]GRUPPI - Iknos Diving - Sardegna [:]\",\"isPartOf\":{\"@id\":\"https:\/\/new2.iknosdiving.com\/#website\"},\"datePublished\":\"2019-01-30T09:09:02+00:00\",\"dateModified\":\"2023-06-26T12:41:54+00:00\",\"breadcrumb\":{\"@id\":\"https:\/\/new2.iknosdiving.com\/proposte-per-gruppi\/#breadcrumb\"},\"inLanguage\":\"de\",\"potentialAction\":[{\"@type\":\"ReadAction\",\"target\":[\"https:\/\/new2.iknosdiving.com\/proposte-per-gruppi\/\"]}]},{\"@type\":\"BreadcrumbList\",\"@id\":\"https:\/\/new2.iknosdiving.com\/proposte-per-gruppi\/#breadcrumb\",\"itemListElement\":[{\"@type\":\"ListItem\",\"position\":1,\"name\":\"Home\",\"item\":\"https:\/\/new2.iknosdiving.com\/\"},{\"@type\":\"ListItem\",\"position\":2,\"name\":\"AREA GRUPPI\"}]},{\"@type\":\"WebSite\",\"@id\":\"https:\/\/new2.iknosdiving.com\/#website\",\"url\":\"https:\/\/new2.iknosdiving.com\/\",\"name\":\"Iknos Diving - Sardegna\",\"description\":\"Iknos Diving - Le migliori immersioni in Sardegna\",\"publisher\":{\"@id\":\"https:\/\/new2.iknosdiving.com\/#organization\"},\"potentialAction\":[{\"@type\":\"SearchAction\",\"target\":{\"@type\":\"EntryPoint\",\"urlTemplate\":\"https:\/\/new2.iknosdiving.com\/?s={search_term_string}\"},\"query-input\":{\"@type\":\"PropertyValueSpecification\",\"valueRequired\":true,\"valueName\":\"search_term_string\"}}],\"inLanguage\":\"de\"},{\"@type\":\"Organization\",\"@id\":\"https:\/\/new2.iknosdiving.com\/#organization\",\"name\":\"Iknos Diving - Sardegna\",\"url\":\"https:\/\/new2.iknosdiving.com\/\",\"logo\":{\"@type\":\"ImageObject\",\"inLanguage\":\"de\",\"@id\":\"https:\/\/new2.iknosdiving.com\/#\/schema\/logo\/image\/\",\"url\":\"https:\/\/new2.iknosdiving.com\/wp-content\/uploads\/2019\/04\/cropped-IMG_0727.png\",\"contentUrl\":\"https:\/\/new2.iknosdiving.com\/wp-content\/uploads\/2019\/04\/cropped-IMG_0727.png\",\"width\":2654,\"height\":2202,\"caption\":\"Iknos Diving - Sardegna\"},\"image\":{\"@id\":\"https:\/\/new2.iknosdiving.com\/#\/schema\/logo\/image\/\"},\"sameAs\":[\"https:\/\/www.facebook.com\/IknosDiving\",\"https:\/\/www.instagram.com\/iknosdiving\/\"]}]}<\/script>\n<!-- \/ Yoast SEO plugin. -->","yoast_head_json":{"title":"GRUPPI - Iknos Diving - Sardegna","robots":{"index":"noindex","follow":"follow","max-snippet":"max-snippet:-1","max-image-preview":"max-image-preview:large","max-video-preview":"max-video-preview:-1"},"og_locale":"de_DE","og_type":"article","og_title":"[:de]GRUPPI - Iknos Diving - Sardegna [:]","og_description":"Sind Sie Gruppenleiter, Lehrer oder Professor f\u00fcr eine Klasse? Dies ist der Bereich f\u00fcr Sie! Ikn\u00f2s organisiert Sport- und Naturwochen f\u00fcr Sportgruppen, Enthusiasten verschiedener Disziplinen sowie f\u00fcr Klassen und Gymnasien. ...","og_url":"https:\/\/new2.iknosdiving.com\/proposte-per-gruppi\/","og_site_name":"Iknos Diving - Sardegna","article_publisher":"https:\/\/www.facebook.com\/IknosDiving","article_modified_time":"2023-06-26T12:41:54+00:00","twitter_misc":{"Gesch\u00e4tzte Lesezeit":"3\u00a0Minuten"},"schema":{"@context":"https:\/\/schema.org","@graph":[{"@type":"WebPage","@id":"https:\/\/new2.iknosdiving.com\/proposte-per-gruppi\/","url":"https:\/\/new2.iknosdiving.com\/proposte-per-gruppi\/","name":"[:de]GRUPPI - Iknos Diving - Sardegna [:]","isPartOf":{"@id":"https:\/\/new2.iknosdiving.com\/#website"},"datePublished":"2019-01-30T09:09:02+00:00","dateModified":"2023-06-26T12:41:54+00:00","breadcrumb":{"@id":"https:\/\/new2.iknosdiving.com\/proposte-per-gruppi\/#breadcrumb"},"inLanguage":"de","potentialAction":[{"@type":"ReadAction","target":["https:\/\/new2.iknosdiving.com\/proposte-per-gruppi\/"]}]},{"@type":"BreadcrumbList","@id":"https:\/\/new2.iknosdiving.com\/proposte-per-gruppi\/#breadcrumb","itemListElement":[{"@type":"ListItem","position":1,"name":"Home","item":"https:\/\/new2.iknosdiving.com\/"},{"@type":"ListItem","position":2,"name":"AREA GRUPPI"}]},{"@type":"WebSite","@id":"https:\/\/new2.iknosdiving.com\/#website","url":"https:\/\/new2.iknosdiving.com\/","name":"Iknos Diving - Sardegna","description":"Iknos Diving - Le migliori immersioni in Sardegna","publisher":{"@id":"https:\/\/new2.iknosdiving.com\/#organization"},"potentialAction":[{"@type":"SearchAction","target":{"@type":"EntryPoint","urlTemplate":"https:\/\/new2.iknosdiving.com\/?s={search_term_string}"},"query-input":{"@type":"PropertyValueSpecification","valueRequired":true,"valueName":"search_term_string"}}],"inLanguage":"de"},{"@type":"Organization","@id":"https:\/\/new2.iknosdiving.com\/#organization","name":"Iknos Diving - Sardegna","url":"https:\/\/new2.iknosdiving.com\/","logo":{"@type":"ImageObject","inLanguage":"de","@id":"https:\/\/new2.iknosdiving.com\/#\/schema\/logo\/image\/","url":"https:\/\/new2.iknosdiving.com\/wp-content\/uploads\/2019\/04\/cropped-IMG_0727.png","contentUrl":"https:\/\/new2.iknosdiving.com\/wp-content\/uploads\/2019\/04\/cropped-IMG_0727.png","width":2654,"height":2202,"caption":"Iknos Diving - Sardegna"},"image":{"@id":"https:\/\/new2.iknosdiving.com\/#\/schema\/logo\/image\/"},"sameAs":["https:\/\/www.facebook.com\/IknosDiving","https:\/\/www.instagram.com\/iknosdiving\/"]}]}},"_links":{"self":[{"href":"https:\/\/new2.iknosdiving.com\/de\/wp-json\/wp\/v2\/pages\/5244"}],"collection":[{"href":"https:\/\/new2.iknosdiving.com\/de\/wp-json\/wp\/v2\/pages"}],"about":[{"href":"https:\/\/new2.iknosdiving.com\/de\/wp-json\/wp\/v2\/types\/page"}],"author":[{"embeddable":true,"href":"https:\/\/new2.iknosdiving.com\/de\/wp-json\/wp\/v2\/users\/3"}],"replies":[{"embeddable":true,"href":"https:\/\/new2.iknosdiving.com\/de\/wp-json\/wp\/v2\/comments?post=5244"}],"version-history":[{"count":120,"href":"https:\/\/new2.iknosdiving.com\/de\/wp-json\/wp\/v2\/pages\/5244\/revisions"}],"predecessor-version":[{"id":9817,"href":"https:\/\/new2.iknosdiving.com\/de\/wp-json\/wp\/v2\/pages\/5244\/revisions\/9817"}],"wp:attachment":[{"href":"https:\/\/new2.iknosdiving.com\/de\/wp-json\/wp\/v2\/media?parent=5244"}],"curies":[{"name":"wp","href":"https:\/\/api.w.org\/{rel}","templated":true}]}}