{"id":2233,"date":"2016-02-27T13:01:35","date_gmt":"2016-02-27T13:01:35","guid":{"rendered":"https:\/\/new2.iknosdiving.com\/?page_id=2233"},"modified":"2023-05-29T11:51:07","modified_gmt":"2023-05-29T11:51:07","slug":"snorkelingapnea","status":"publish","type":"page","link":"https:\/\/new2.iknosdiving.com\/de\/snorkelingapnea\/","title":{"rendered":"Acquaticit\u00e0"},"content":{"rendered":"<div id=\"pl-2233\"  class=\"panel-layout\" >\n<div id=\"pg-2233-0\"  class=\"panel-grid panel-has-style\"  data-style=\"{&quot;background_image_attachment&quot;:false,&quot;background_display&quot;:&quot;tile&quot;,&quot;full_height&quot;:&quot;&quot;,&quot;bottom_margin&quot;:&quot;70px&quot;,&quot;row_stretch&quot;:&quot;full-stretched&quot;,&quot;cell_alignment&quot;:&quot;flex-start&quot;}\" >\n<div class=\"siteorigin-panels-stretch panel-row-style panel-row-style-for-2233-0\" data-stretch-type=\"full-stretched\" >\n<div id=\"pgc-2233-0-0\"  class=\"panel-grid-cell\"  data-weight=\"1\" >\n<div id=\"panel-2233-0-0-0\" class=\"so-panel widget widget_sow-hero panel-first-child\" data-index=\"0\" data-style=\"{&quot;background_image_attachment&quot;:false,&quot;background_display&quot;:&quot;tile&quot;,&quot;background_image_size&quot;:&quot;full&quot;,&quot;border_thickness&quot;:&quot;1px&quot;}\" ><div\n\t\t\t\n\t\t\tclass=\"so-widget-sow-hero so-widget-sow-hero-default-9e004fbbcc89 so-widget-fittext-wrapper\"\n\t\t\t data-fit-text-compressor=\"0.85\"\n\t\t>\t\t\t\t<div class=\"sow-slider-base\" style=\"display: none\" tabindex=\"0\">\n\t\t\t\t\t<ul\n\t\t\t\t\tclass=\"sow-slider-images\"\n\t\t\t\t\tdata-settings=\"{&quot;pagination&quot;:true,&quot;speed&quot;:&quot;800&quot;,&quot;timeout&quot;:&quot;8000&quot;,&quot;paused&quot;:false,&quot;pause_on_hover&quot;:false,&quot;swipe&quot;:&quot;1&quot;,&quot;nav_always_show_desktop&quot;:&quot;&quot;,&quot;nav_always_show_mobile&quot;:&quot;&quot;,&quot;breakpoint&quot;:&quot;780px&quot;,&quot;unmute&quot;:false,&quot;anchor&quot;:null}\"\n\t\t\t\t\tstyle=\"min-height: 700px\"\t\t\t\t\tdata-anchor-id=\"\"\n\t\t\t\t>\t\t<li class=\"sow-slider-image  sow-slider-image-cover\" style=\"visibility: visible;;background-color: #333333;background-image: url(https:\/\/new2.iknosdiving.com\/wp-content\/uploads\/2022\/06\/snorkeling-1-1024x700-1-e1656066411913.jpg)\" >\n\t\t\t\t\t<div class=\"sow-slider-image-container\">\n\t\t\t<div class=\"sow-slider-image-wrapper\">\n\t\t\t\t&lt;h1 style=&quot;text-align: center;&quot;&gt;SNORKELING &amp; APNEA&lt;\/h1&gt;\n\t\t\t<\/div>\n\t\t<\/div>\n\t\t\t\t<\/li>\n\t\t\t\t<li class=\"sow-slider-image  sow-slider-image-cover\" style=\"visibility: hidden;;background-color: #333333\" data-background=\"url(https:\/\/new2.iknosdiving.com\/wp-content\/uploads\/2022\/07\/delfini.jpg)\" >\n\t\t\t\t\t<div class=\"sow-slider-image-container\">\n\t\t\t<div class=\"sow-slider-image-wrapper\">\n\t\t\t\t&lt;h1 style=&quot;text-align: center;&quot;&gt;SNORKELING &amp; APNEA&lt;\/h1&gt;\n\t\t\t<\/div>\n\t\t<\/div>\n\t\t\t\t<\/li>\n\t\t<\/ul>\t\t\t\t<ol class=\"sow-slider-pagination\">\n\t\t\t\t\t\t\t\t\t\t\t<li><a href=\"#\" data-goto=\"0\" aria-label=\"display slide 1\"><\/a><\/li>\n\t\t\t\t\t\t\t\t\t\t\t<li><a href=\"#\" data-goto=\"1\" aria-label=\"display slide 2\"><\/a><\/li>\n\t\t\t\t\t\t\t\t\t<\/ol>\n\n\t\t\t\t<div class=\"sow-slide-nav sow-slide-nav-next\">\n\t\t\t\t\t<a href=\"#\" data-goto=\"next\" aria-label=\"next slide\" data-action=\"next\">\n\t\t\t\t\t\t<em class=\"sow-sld-icon-thin-right\"><\/em>\n\t\t\t\t\t<\/a>\n\t\t\t\t<\/div>\n\n\t\t\t\t<div class=\"sow-slide-nav sow-slide-nav-prev\">\n\t\t\t\t\t<a href=\"#\" data-goto=\"previous\" aria-label=\"previous slide\" data-action=\"prev\">\n\t\t\t\t\t\t<em class=\"sow-sld-icon-thin-left\"><\/em>\n\t\t\t\t\t<\/a>\n\t\t\t\t<\/div>\n\t\t\t\t<\/div><\/div><\/div>\n<div id=\"panel-2233-0-0-1\" class=\"so-panel widget widget_sow-headline panel-last-child\" data-index=\"1\" data-style=\"{&quot;padding&quot;:&quot;70px 0px 0px 0px&quot;,&quot;background_image_attachment&quot;:false,&quot;background_display&quot;:&quot;tile&quot;,&quot;background_image_size&quot;:&quot;full&quot;,&quot;border_thickness&quot;:&quot;1px&quot;}\" >\n<div class=\"panel-widget-style panel-widget-style-for-2233-0-0-1\" ><div\n\t\t\t\n\t\t\tclass=\"so-widget-sow-headline so-widget-sow-headline-default-200e76c28bf2\"\n\t\t\t\n\t\t><div class=\"sow-headline-container \">\n\t\t\t\t\t\t\t<h2 class=\"sow-headline\">\n\t\t\t\t\t\tTAUCHE IN APNOE!\t\t\t\t\t\t<\/h2>\n\t\t\t\t\t\t\t\t\t\t\t<div class=\"decoration\">\n\t\t\t\t\t\t<div class=\"decoration-inside\"><\/div>\n\t\t\t\t\t<\/div>\n\t\t\t\t\t<\/div>\n<\/div><\/div>\n<\/div>\n<\/div>\n<\/div>\n<\/div>\n<div id=\"pg-2233-1\"  class=\"panel-grid panel-has-style\"  data-style=\"{&quot;padding&quot;:&quot;50px 50px 50px 50px&quot;,&quot;background_image_attachment&quot;:false,&quot;background_display&quot;:&quot;tile&quot;,&quot;full_height&quot;:&quot;&quot;,&quot;bottom_margin&quot;:&quot;100px&quot;,&quot;row_stretch&quot;:&quot;full&quot;,&quot;cell_alignment&quot;:&quot;flex-start&quot;}\"  data-ratio=\"1\"  data-ratio-direction=\"left\" >\n<div class=\"siteorigin-panels-stretch panel-row-style panel-row-style-for-2233-1\" data-stretch-type=\"full\" >\n<div id=\"pgc-2233-1-0\"  class=\"panel-grid-cell\"  data-weight=\"0.5\" >\n<div id=\"panel-2233-1-0-0\" class=\"so-panel widget widget_sow-hero panel-first-child\" data-index=\"2\" data-style=\"{&quot;background_image_attachment&quot;:false,&quot;background_display&quot;:&quot;tile&quot;,&quot;background_image_size&quot;:&quot;full&quot;,&quot;border_thickness&quot;:&quot;1px&quot;}\" ><div\n\t\t\t\n\t\t\tclass=\"so-widget-sow-hero so-widget-sow-hero-default-9e71099db9fb so-widget-fittext-wrapper\"\n\t\t\t data-fit-text-compressor=\"0.85\"\n\t\t>\t\t\t\t<div class=\"sow-slider-base\" style=\"display: none\" tabindex=\"0\">\n\t\t\t\t\t<ul\n\t\t\t\t\tclass=\"sow-slider-images\"\n\t\t\t\t\tdata-settings=\"{&quot;pagination&quot;:true,&quot;speed&quot;:&quot;800&quot;,&quot;timeout&quot;:&quot;8000&quot;,&quot;paused&quot;:false,&quot;pause_on_hover&quot;:false,&quot;swipe&quot;:&quot;1&quot;,&quot;nav_always_show_desktop&quot;:&quot;&quot;,&quot;nav_always_show_mobile&quot;:&quot;&quot;,&quot;breakpoint&quot;:&quot;780px&quot;,&quot;unmute&quot;:false,&quot;anchor&quot;:null}\"\n\t\t\t\t\tstyle=\"min-height: 300px\"\t\t\t\t\tdata-anchor-id=\"\"\n\t\t\t\t>\t\t<li class=\"sow-slider-image  sow-slider-image-cover\" style=\"visibility: visible;;background-color: #333333;background-image: url(https:\/\/new2.iknosdiving.com\/wp-content\/uploads\/2022\/06\/images.jpg)\" >\n\t\t\t\t\t<div class=\"sow-slider-image-container\">\n\t\t\t<div class=\"sow-slider-image-wrapper\">\n\t\t\t\t\t\t\t<\/div>\n\t\t<\/div>\n\t\t\t\t<\/li>\n\t\t<\/ul>\t\t\t\t<ol class=\"sow-slider-pagination\">\n\t\t\t\t\t\t\t\t\t\t\t<li><a href=\"#\" data-goto=\"0\" aria-label=\"display slide 1\"><\/a><\/li>\n\t\t\t\t\t\t\t\t\t<\/ol>\n\n\t\t\t\t<div class=\"sow-slide-nav sow-slide-nav-next\">\n\t\t\t\t\t<a href=\"#\" data-goto=\"next\" aria-label=\"next slide\" data-action=\"next\">\n\t\t\t\t\t\t<em class=\"sow-sld-icon-thin-right\"><\/em>\n\t\t\t\t\t<\/a>\n\t\t\t\t<\/div>\n\n\t\t\t\t<div class=\"sow-slide-nav sow-slide-nav-prev\">\n\t\t\t\t\t<a href=\"#\" data-goto=\"previous\" aria-label=\"previous slide\" data-action=\"prev\">\n\t\t\t\t\t\t<em class=\"sow-sld-icon-thin-left\"><\/em>\n\t\t\t\t\t<\/a>\n\t\t\t\t<\/div>\n\t\t\t\t<\/div><\/div><\/div>\n<div id=\"panel-2233-1-0-1\" class=\"so-panel widget widget_sow-editor panel-last-child\" data-index=\"3\" data-style=\"{&quot;background_image_attachment&quot;:false,&quot;background_display&quot;:&quot;tile&quot;,&quot;background_image_size&quot;:&quot;full&quot;,&quot;border_thickness&quot;:&quot;1px&quot;}\" >\n<div\n\t\t\t\n\t\t\tclass=\"so-widget-sow-editor so-widget-sow-editor-base\"\n\t\t\t\n\t\t><\/p>\n<div class=\"siteorigin-widget-tinymce textwidget\">\n<h4 style=\"text-align: justify;\"><\/p>\n<h4>APNOE F\u00dcR EXPERTEN<\/h4>\n<p><\/span><br \/>\nWenn Sie bereits Erfahrung haben und in Apnoe tauchen m\u00f6chten, organisieren wir assistierte Tauchg\u00e4nge mit zertifizierten Tauchlehrern. Testen Sie sich selbst, gehen Sie an Ihre Grenzen. Erkunden Sie die Tiefen des Nationalparks ohne die Zylinder. Die Ausfl\u00fcge dauern ca. 4 Stunden und beinhalten den Transfer mit unseren Schnellbooten zum Nationalpark und die notwendige Ausr\u00fcstung (Gewichte, Neoprenanzug, Flossen, Maske).<\/p>\n<p><a href=\"https:\/\/new2.iknosdiving.com\/contattaci\/\"><em>Buchen Sie jetzt<\/em><\/a><\/p>\n<\/div>\n<\/div>\n<\/div>\n<\/div>\n<div id=\"pgc-2233-1-1\"  class=\"panel-grid-cell\"  data-weight=\"0.5\" >\n<div id=\"panel-2233-1-1-0\" class=\"so-panel widget widget_sow-hero panel-first-child\" data-index=\"4\" data-style=\"{&quot;background_image_attachment&quot;:false,&quot;background_display&quot;:&quot;tile&quot;,&quot;background_image_size&quot;:&quot;full&quot;,&quot;border_thickness&quot;:&quot;1px&quot;}\" ><div\n\t\t\t\n\t\t\tclass=\"so-widget-sow-hero so-widget-sow-hero-default-9e71099db9fb so-widget-fittext-wrapper\"\n\t\t\t data-fit-text-compressor=\"0.85\"\n\t\t>\t\t\t\t<div class=\"sow-slider-base\" style=\"display: none\" tabindex=\"0\">\n\t\t\t\t\t<ul\n\t\t\t\t\tclass=\"sow-slider-images\"\n\t\t\t\t\tdata-settings=\"{&quot;pagination&quot;:true,&quot;speed&quot;:&quot;800&quot;,&quot;timeout&quot;:&quot;8000&quot;,&quot;paused&quot;:false,&quot;pause_on_hover&quot;:false,&quot;swipe&quot;:&quot;1&quot;,&quot;nav_always_show_desktop&quot;:&quot;&quot;,&quot;nav_always_show_mobile&quot;:&quot;&quot;,&quot;breakpoint&quot;:&quot;780px&quot;,&quot;unmute&quot;:false,&quot;anchor&quot;:null}\"\n\t\t\t\t\tstyle=\"min-height: 300px\"\t\t\t\t\tdata-anchor-id=\"\"\n\t\t\t\t>\t\t<li class=\"sow-slider-image  sow-slider-image-cover\" style=\"visibility: visible;;background-color: #333333;background-image: url(https:\/\/new2.iknosdiving.com\/wp-content\/uploads\/2022\/06\/IMG_4672b-scaled.jpg)\" >\n\t\t\t\t\t<div class=\"sow-slider-image-container\">\n\t\t\t<div class=\"sow-slider-image-wrapper\">\n\t\t\t\t\t\t\t<\/div>\n\t\t<\/div>\n\t\t\t\t<\/li>\n\t\t<\/ul>\t\t\t\t<ol class=\"sow-slider-pagination\">\n\t\t\t\t\t\t\t\t\t\t\t<li><a href=\"#\" data-goto=\"0\" aria-label=\"display slide 1\"><\/a><\/li>\n\t\t\t\t\t\t\t\t\t<\/ol>\n\n\t\t\t\t<div class=\"sow-slide-nav sow-slide-nav-next\">\n\t\t\t\t\t<a href=\"#\" data-goto=\"next\" aria-label=\"next slide\" data-action=\"next\">\n\t\t\t\t\t\t<em class=\"sow-sld-icon-thin-right\"><\/em>\n\t\t\t\t\t<\/a>\n\t\t\t\t<\/div>\n\n\t\t\t\t<div class=\"sow-slide-nav sow-slide-nav-prev\">\n\t\t\t\t\t<a href=\"#\" data-goto=\"previous\" aria-label=\"previous slide\" data-action=\"prev\">\n\t\t\t\t\t\t<em class=\"sow-sld-icon-thin-left\"><\/em>\n\t\t\t\t\t<\/a>\n\t\t\t\t<\/div>\n\t\t\t\t<\/div><\/div><\/div>\n<div id=\"panel-2233-1-1-1\" class=\"so-panel widget widget_sow-editor panel-last-child\" data-index=\"5\" data-style=\"{&quot;background_image_attachment&quot;:false,&quot;background_display&quot;:&quot;tile&quot;,&quot;background_image_size&quot;:&quot;full&quot;,&quot;border_thickness&quot;:&quot;1px&quot;}\" >\n<div\n\t\t\t\n\t\t\tclass=\"so-widget-sow-editor so-widget-sow-editor-base\"\n\t\t\t\n\t\t><\/p>\n<div class=\"siteorigin-widget-tinymce textwidget\">\n<p style=\"text-align: justify;\"><\/span><\/p>\n<h4>FREI TAUCHEN<\/h4>\n<p style=\"text-align: justify;\">Die Grundlagen des Freitauchens sind Atmen und Entspannen: zwei T\u00e4tigkeiten, die uns im Alltag n\u00fctzlich sind und an denen wir so selten die M\u00f6glichkeit haben, methodisch und mit Spa\u00df zu arbeiten. Freitauchen ist eine Disziplin f\u00fcr jeden, um sich mit sich selbst zu messen, Sensibilit\u00e4t zu entwickeln, mehr \u00fcber seinen Geist und seinen K\u00f6rper zu lernen. Um eine gute Beziehung zum Meer zu bekommen, organisieren unsere Tauchlehrer Kurse und Lektionen, die Techniken und F\u00e4higkeiten verbessern. Atemunterricht unter Ber\u00fccksichtigung der Ebenen und der Kapazit\u00e4t der Person. F\u00fcr die Experten organisieren wir Ausfl\u00fcge zu den betreuten Inseln.<\/p>\n<h4>F\u00fcr alle Altersgruppen (min. 10 Jahre)<\/h4>\n<p><em><strong><a href=\"https:\/\/new2.iknosdiving.com\/wp-content\/uploads\/2017\/06\/AQUATREK-APNEA.pdf\">Buchen Sie jetzt<\/a><\/strong><\/em><\/div>\n<\/div>\n<\/div>\n<\/div>\n<\/div>\n<\/div>\n<div id=\"pg-2233-2\"  class=\"panel-grid panel-has-style\"  data-style=\"{&quot;background_image_attachment&quot;:false,&quot;background_display&quot;:&quot;tile&quot;,&quot;full_height&quot;:&quot;&quot;,&quot;bottom_margin&quot;:&quot;70px&quot;,&quot;row_stretch&quot;:&quot;full-stretched&quot;,&quot;cell_alignment&quot;:&quot;flex-start&quot;}\" >\n<div class=\"siteorigin-panels-stretch panel-row-style panel-row-style-for-2233-2\" data-stretch-type=\"full-stretched\" >\n<div id=\"pgc-2233-2-0\"  class=\"panel-grid-cell\"  data-weight=\"1\" >\n<div id=\"panel-2233-2-0-0\" class=\"so-panel widget widget_sow-headline panel-first-child panel-last-child\" data-index=\"6\" data-style=\"{&quot;background_image_attachment&quot;:false,&quot;background_display&quot;:&quot;tile&quot;}\" ><div\n\t\t\t\n\t\t\tclass=\"so-widget-sow-headline so-widget-sow-headline-default-913f6c9a92df\"\n\t\t\t\n\t\t><div class=\"sow-headline-container \">\n\t\t\t\t\t\t\t<h2 class=\"sow-headline\">\n\t\t\t\t\t\tF\u00dcR ANF\u00c4NGER\t\t\t\t\t\t<\/h2>\n\t\t\t\t\t\t\t\t\t\t\t<div class=\"decoration\">\n\t\t\t\t\t\t<div class=\"decoration-inside\"><\/div>\n\t\t\t\t\t<\/div>\n\t\t\t\t\t<\/div>\n<\/div><\/div>\n<\/div>\n<\/div>\n<\/div>\n<div id=\"pg-2233-3\"  class=\"panel-grid panel-no-style\"  data-style=\"{&quot;background_image_attachment&quot;:false,&quot;background_display&quot;:&quot;tile&quot;,&quot;full_height&quot;:&quot;&quot;,&quot;bottom_margin&quot;:&quot;100px&quot;,&quot;cell_alignment&quot;:&quot;flex-start&quot;}\"  data-ratio=\"1\"  data-ratio-direction=\"right\" >\n<div id=\"pgc-2233-3-0\"  class=\"panel-grid-cell\"  data-weight=\"0.5\" >\n<div id=\"panel-2233-3-0-0\" class=\"so-panel widget widget_media_image panel-first-child\" data-index=\"7\" data-style=\"{&quot;background_image_attachment&quot;:false,&quot;background_display&quot;:&quot;tile&quot;}\" ><img loading=\"lazy\" decoding=\"async\" width=\"1021\" height=\"467\" src=\"https:\/\/new2.iknosdiving.com\/wp-content\/uploads\/2022\/06\/snorkeling-1-1024x700-1-e1656066411913.jpg\" class=\"image wp-image-7391  attachment-full size-full\" alt=\"\" style=\"max-width: 100%; height: auto;\" srcset=\"https:\/\/new2.iknosdiving.com\/wp-content\/uploads\/2022\/06\/snorkeling-1-1024x700-1-e1656066411913.jpg 1021w, https:\/\/new2.iknosdiving.com\/wp-content\/uploads\/2022\/06\/snorkeling-1-1024x700-1-e1656066411913-654x299.jpg 654w\" sizes=\"(max-width: 1021px) 100vw, 1021px\" \/><\/div>\n<div id=\"panel-2233-3-0-1\" class=\"so-panel widget widget_sow-editor panel-last-child\" data-index=\"8\" data-style=\"{&quot;background_image_attachment&quot;:false,&quot;background_display&quot;:&quot;tile&quot;}\" >\n<div\n\t\t\t\n\t\t\tclass=\"so-widget-sow-editor so-widget-sow-editor-base\"\n\t\t\t\n\t\t><\/p>\n<div class=\"siteorigin-widget-tinymce textwidget\">\n<p style=\"text-align: justify;\"><\/span><\/p>\n<p>&nbsp;<\/p>\n<h4>WASSERUNTERRICHT<\/h4>\n<p>Ein lustiges und innovatives Programm f\u00fcr Kinder und Jugendliche, die das Meer lernen und besser kennenlernen. Der Zweck dieses Trainingsprogramms ist es, absolutes Vertrauen in den Umgang mit Wasser zu vermitteln, nicht nur in Schwimmtechniken und in der korrekten Verwendung von Maske, Flossen und Schnorchel. Es ist der erste Schritt, um das richtige Schnorcheln zu \u00fcben<\/p>\n<h4>F\u00fcr alle Altersgruppen (min. 8 Jahre)<\/h4>\n<p><a href=\"https:\/\/new2.iknosdiving.com\/contattaci\/\"><em>Buchen Sie jetzt<\/em><\/a><\/p>\n<\/div>\n<\/div>\n<\/div>\n<\/div>\n<div id=\"pgc-2233-3-1\"  class=\"panel-grid-cell\"  data-weight=\"0.5\" >\n<div id=\"panel-2233-3-1-0\" class=\"so-panel widget widget_media_image panel-first-child\" data-index=\"9\" data-style=\"{&quot;background_image_attachment&quot;:false,&quot;background_display&quot;:&quot;tile&quot;}\" ><img loading=\"lazy\" decoding=\"async\" width=\"654\" height=\"309\" src=\"https:\/\/new2.iknosdiving.com\/wp-content\/uploads\/2022\/06\/Scuola-sub-5-654x309-1.jpg\" class=\"image wp-image-7388  attachment-full size-full\" alt=\"\" style=\"max-width: 100%; height: auto;\" \/><\/div>\n<div id=\"panel-2233-3-1-1\" class=\"so-panel widget widget_sow-editor panel-last-child\" data-index=\"10\" data-style=\"{&quot;background_image_attachment&quot;:false,&quot;background_display&quot;:&quot;tile&quot;}\" >\n<div\n\t\t\t\n\t\t\tclass=\"so-widget-sow-editor so-widget-sow-editor-base\"\n\t\t\t\n\t\t><\/p>\n<div class=\"siteorigin-widget-tinymce textwidget\">\n<p style=\"text-align: justify;\"><\/span><\/p>\n<p>&nbsp;<\/p>\n<h4>SCHNORCHELKURSE<\/h4>\n<p>Perfekte Aktivit\u00e4t, die Sport, Spa\u00df und Wissen \u00fcber Biodiversit\u00e4t verbindet. Dank seiner Einfachheit k\u00f6nnen Sie auf dem Wasser schwimmen, um den Meeresboden und die Unterwasserwelt zu bewundern. Unsere Schnorchelkurse erm\u00f6glichen es Ihnen, sich mit der Mutini-Ausr\u00fcstung, Flossen und Masken vertraut zu machen, die grundlegenden Techniken und die richtigen Bewegungen zu erlernen, um den Pfaden zu folgen, begleitet von zertifizierten Ausbildern.<\/p>\n<h4>F\u00fcr alle Altersgruppen (min. 8 Jahre)<\/h4>\n<p><a href=\"https:\/\/new2.iknosdiving.com\/contattaci\/\"><em>Buchen Sie jetzt<\/em><\/a><\/p>\n<\/div>\n<\/div>\n<\/div>\n<\/div>\n<\/div>\n<\/div>","protected":false},"excerpt":{"rendered":"<p>APNOE F\u00dcR EXPERTEN Wenn Sie bereits Erfahrung haben und in Apnoe tauchen m\u00f6chten, organisieren wir assistierte Tauchg\u00e4nge mit zertifizierten Tauchlehrern. Testen Sie sich selbst, gehen Sie an Ihre Grenzen. Erkunden &#8230;<\/p>\n","protected":false},"author":3,"featured_media":0,"parent":0,"menu_order":0,"comment_status":"closed","ping_status":"closed","template":"","meta":{"footnotes":""},"yoast_head":"<!-- This site is optimized with the Yoast SEO plugin v24.5 - https:\/\/yoast.com\/wordpress\/plugins\/seo\/ -->\n<title>Acquaticit\u00e0 - Iknos Diving - Sardegna<\/title>\n<meta name=\"robots\" content=\"noindex, follow, max-snippet:-1, max-image-preview:large, max-video-preview:-1\" \/>\n<meta property=\"og:locale\" content=\"de_DE\" \/>\n<meta property=\"og:type\" content=\"article\" \/>\n<meta property=\"og:title\" content=\"Acquaticit\u00e0 - Iknos Diving - Sardegna\" \/>\n<meta property=\"og:description\" content=\"APNOE F\u00dcR EXPERTEN Wenn Sie bereits Erfahrung haben und in Apnoe tauchen m\u00f6chten, organisieren wir assistierte Tauchg\u00e4nge mit zertifizierten Tauchlehrern. Testen Sie sich selbst, gehen Sie an Ihre Grenzen. Erkunden ...\" \/>\n<meta property=\"og:url\" content=\"https:\/\/new2.iknosdiving.com\/snorkelingapnea\/\" \/>\n<meta property=\"og:site_name\" content=\"Iknos Diving - Sardegna\" \/>\n<meta property=\"article:publisher\" content=\"https:\/\/www.facebook.com\/IknosDiving\" \/>\n<meta property=\"article:modified_time\" content=\"2023-05-29T11:51:07+00:00\" \/>\n<meta name=\"twitter:label1\" content=\"Gesch\u00e4tzte Lesezeit\" \/>\n\t<meta name=\"twitter:data1\" content=\"5\u00a0Minuten\" \/>\n<script type=\"application\/ld+json\" class=\"yoast-schema-graph\">{\"@context\":\"https:\/\/schema.org\",\"@graph\":[{\"@type\":\"WebPage\",\"@id\":\"https:\/\/new2.iknosdiving.com\/snorkelingapnea\/\",\"url\":\"https:\/\/new2.iknosdiving.com\/snorkelingapnea\/\",\"name\":\"Acquaticit\u00e0 - Iknos Diving - Sardegna\",\"isPartOf\":{\"@id\":\"https:\/\/new2.iknosdiving.com\/#website\"},\"datePublished\":\"2016-02-27T13:01:35+00:00\",\"dateModified\":\"2023-05-29T11:51:07+00:00\",\"breadcrumb\":{\"@id\":\"https:\/\/new2.iknosdiving.com\/snorkelingapnea\/#breadcrumb\"},\"inLanguage\":\"de\",\"potentialAction\":[{\"@type\":\"ReadAction\",\"target\":[\"https:\/\/new2.iknosdiving.com\/snorkelingapnea\/\"]}]},{\"@type\":\"BreadcrumbList\",\"@id\":\"https:\/\/new2.iknosdiving.com\/snorkelingapnea\/#breadcrumb\",\"itemListElement\":[{\"@type\":\"ListItem\",\"position\":1,\"name\":\"Home\",\"item\":\"https:\/\/new2.iknosdiving.com\/\"},{\"@type\":\"ListItem\",\"position\":2,\"name\":\"Snorkeling &#038; Apnea\"}]},{\"@type\":\"WebSite\",\"@id\":\"https:\/\/new2.iknosdiving.com\/#website\",\"url\":\"https:\/\/new2.iknosdiving.com\/\",\"name\":\"Iknos Diving - Sardegna\",\"description\":\"Iknos Diving - Le migliori immersioni in Sardegna\",\"publisher\":{\"@id\":\"https:\/\/new2.iknosdiving.com\/#organization\"},\"potentialAction\":[{\"@type\":\"SearchAction\",\"target\":{\"@type\":\"EntryPoint\",\"urlTemplate\":\"https:\/\/new2.iknosdiving.com\/?s={search_term_string}\"},\"query-input\":{\"@type\":\"PropertyValueSpecification\",\"valueRequired\":true,\"valueName\":\"search_term_string\"}}],\"inLanguage\":\"de\"},{\"@type\":\"Organization\",\"@id\":\"https:\/\/new2.iknosdiving.com\/#organization\",\"name\":\"Iknos Diving - Sardegna\",\"url\":\"https:\/\/new2.iknosdiving.com\/\",\"logo\":{\"@type\":\"ImageObject\",\"inLanguage\":\"de\",\"@id\":\"https:\/\/new2.iknosdiving.com\/#\/schema\/logo\/image\/\",\"url\":\"https:\/\/new2.iknosdiving.com\/wp-content\/uploads\/2019\/04\/cropped-IMG_0727.png\",\"contentUrl\":\"https:\/\/new2.iknosdiving.com\/wp-content\/uploads\/2019\/04\/cropped-IMG_0727.png\",\"width\":2654,\"height\":2202,\"caption\":\"Iknos Diving - Sardegna\"},\"image\":{\"@id\":\"https:\/\/new2.iknosdiving.com\/#\/schema\/logo\/image\/\"},\"sameAs\":[\"https:\/\/www.facebook.com\/IknosDiving\",\"https:\/\/www.instagram.com\/iknosdiving\/\"]}]}<\/script>\n<!-- \/ Yoast SEO plugin. -->","yoast_head_json":{"title":"Acquaticit\u00e0 - Iknos Diving - Sardegna","robots":{"index":"noindex","follow":"follow","max-snippet":"max-snippet:-1","max-image-preview":"max-image-preview:large","max-video-preview":"max-video-preview:-1"},"og_locale":"de_DE","og_type":"article","og_title":"Acquaticit\u00e0 - Iknos Diving - Sardegna","og_description":"APNOE F\u00dcR EXPERTEN Wenn Sie bereits Erfahrung haben und in Apnoe tauchen m\u00f6chten, organisieren wir assistierte Tauchg\u00e4nge mit zertifizierten Tauchlehrern. Testen Sie sich selbst, gehen Sie an Ihre Grenzen. Erkunden ...","og_url":"https:\/\/new2.iknosdiving.com\/snorkelingapnea\/","og_site_name":"Iknos Diving - Sardegna","article_publisher":"https:\/\/www.facebook.com\/IknosDiving","article_modified_time":"2023-05-29T11:51:07+00:00","twitter_misc":{"Gesch\u00e4tzte Lesezeit":"5\u00a0Minuten"},"schema":{"@context":"https:\/\/schema.org","@graph":[{"@type":"WebPage","@id":"https:\/\/new2.iknosdiving.com\/snorkelingapnea\/","url":"https:\/\/new2.iknosdiving.com\/snorkelingapnea\/","name":"Acquaticit\u00e0 - Iknos Diving - Sardegna","isPartOf":{"@id":"https:\/\/new2.iknosdiving.com\/#website"},"datePublished":"2016-02-27T13:01:35+00:00","dateModified":"2023-05-29T11:51:07+00:00","breadcrumb":{"@id":"https:\/\/new2.iknosdiving.com\/snorkelingapnea\/#breadcrumb"},"inLanguage":"de","potentialAction":[{"@type":"ReadAction","target":["https:\/\/new2.iknosdiving.com\/snorkelingapnea\/"]}]},{"@type":"BreadcrumbList","@id":"https:\/\/new2.iknosdiving.com\/snorkelingapnea\/#breadcrumb","itemListElement":[{"@type":"ListItem","position":1,"name":"Home","item":"https:\/\/new2.iknosdiving.com\/"},{"@type":"ListItem","position":2,"name":"Snorkeling &#038; Apnea"}]},{"@type":"WebSite","@id":"https:\/\/new2.iknosdiving.com\/#website","url":"https:\/\/new2.iknosdiving.com\/","name":"Iknos Diving - Sardegna","description":"Iknos Diving - Le migliori immersioni in Sardegna","publisher":{"@id":"https:\/\/new2.iknosdiving.com\/#organization"},"potentialAction":[{"@type":"SearchAction","target":{"@type":"EntryPoint","urlTemplate":"https:\/\/new2.iknosdiving.com\/?s={search_term_string}"},"query-input":{"@type":"PropertyValueSpecification","valueRequired":true,"valueName":"search_term_string"}}],"inLanguage":"de"},{"@type":"Organization","@id":"https:\/\/new2.iknosdiving.com\/#organization","name":"Iknos Diving - Sardegna","url":"https:\/\/new2.iknosdiving.com\/","logo":{"@type":"ImageObject","inLanguage":"de","@id":"https:\/\/new2.iknosdiving.com\/#\/schema\/logo\/image\/","url":"https:\/\/new2.iknosdiving.com\/wp-content\/uploads\/2019\/04\/cropped-IMG_0727.png","contentUrl":"https:\/\/new2.iknosdiving.com\/wp-content\/uploads\/2019\/04\/cropped-IMG_0727.png","width":2654,"height":2202,"caption":"Iknos Diving - Sardegna"},"image":{"@id":"https:\/\/new2.iknosdiving.com\/#\/schema\/logo\/image\/"},"sameAs":["https:\/\/www.facebook.com\/IknosDiving","https:\/\/www.instagram.com\/iknosdiving\/"]}]}},"_links":{"self":[{"href":"https:\/\/new2.iknosdiving.com\/de\/wp-json\/wp\/v2\/pages\/2233"}],"collection":[{"href":"https:\/\/new2.iknosdiving.com\/de\/wp-json\/wp\/v2\/pages"}],"about":[{"href":"https:\/\/new2.iknosdiving.com\/de\/wp-json\/wp\/v2\/types\/page"}],"author":[{"embeddable":true,"href":"https:\/\/new2.iknosdiving.com\/de\/wp-json\/wp\/v2\/users\/3"}],"replies":[{"embeddable":true,"href":"https:\/\/new2.iknosdiving.com\/de\/wp-json\/wp\/v2\/comments?post=2233"}],"version-history":[{"count":191,"href":"https:\/\/new2.iknosdiving.com\/de\/wp-json\/wp\/v2\/pages\/2233\/revisions"}],"predecessor-version":[{"id":9729,"href":"https:\/\/new2.iknosdiving.com\/de\/wp-json\/wp\/v2\/pages\/2233\/revisions\/9729"}],"wp:attachment":[{"href":"https:\/\/new2.iknosdiving.com\/de\/wp-json\/wp\/v2\/media?parent=2233"}],"curies":[{"name":"wp","href":"https:\/\/api.w.org\/{rel}","templated":true}]}}